{"id":2395,"date":"2021-11-24T10:25:03","date_gmt":"2021-11-24T09:25:03","guid":{"rendered":"http:\/\/webvision.company\/vonmutius\/?page_id=2395"},"modified":"2021-11-24T22:16:41","modified_gmt":"2021-11-24T21:16:41","slug":"future-dialogues","status":"publish","type":"page","link":"https:\/\/vonmutius.de\/en\/future-dialogues\/","title":{"rendered":"Future dialogues"},"content":{"rendered":"<p><div class=\"fusion-fullwidth fullwidth-box fusion-builder-row-1 fusion-flex-container fusion-parallax-fixed nonhundred-percent-fullwidth non-hundred-percent-height-scrolling lazyload\" style=\"--awb-background-position:right top;--awb-border-sizes-top:0px;--awb-border-sizes-bottom:0px;--awb-border-sizes-left:0px;--awb-border-sizes-right:0px;--awb-border-radius-top-left:0px;--awb-border-radius-top-right:0px;--awb-border-radius-bottom-right:0px;--awb-border-radius-bottom-left:0px;--awb-margin-bottom:4%;--awb-min-height:250px;--awb-background-size:cover;--awb-flex-wrap:wrap;background-attachment:fixed;\" data-bg=\"http:\/\/vonmutius.de\/wp-content\/uploads\/2021\/10\/CMS_Mutius_DSC_6177.jpg\" ><div class=\"fusion-builder-row fusion-row fusion-flex-align-items-flex-start fusion-flex-align-content-center fusion-flex-content-wrap\" style=\"max-width:1216.8px;margin-left: calc(-4% \/ 2 );margin-right: calc(-4% \/ 2 );\"><div class=\"fusion-layout-column fusion_builder_column fusion-builder-column-0 fusion_builder_column_1_1 1_1 fusion-flex-column\" style=\"--awb-padding-right:2%;--awb-padding-left:2%;--awb-bg-size:cover;--awb-width-large:100%;--awb-margin-top-large:0px;--awb-spacing-right-large:1.92%;--awb-margin-bottom-large:20px;--awb-spacing-left-large:1.92%;--awb-width-medium:100%;--awb-order-medium:0;--awb-spacing-right-medium:1.92%;--awb-spacing-left-medium:1.92%;--awb-width-small:100%;--awb-order-small:0;--awb-spacing-right-small:1.92%;--awb-spacing-left-small:1.92%;\"><div class=\"fusion-column-wrapper fusion-column-has-shadow fusion-flex-justify-content-center fusion-content-layout-column\"><div class=\"fusion-title title fusion-title-1 fusion-sep-none fusion-title-text fusion-title-size-one\"><h1 class=\"fusion-title-heading title-heading-left fusion-responsive-typography-calculated\" style=\"margin:0;--fontSize:64;line-height:1.4;\"><span style=\"color: #ffffff;\">Future dialogues <\/span><\/h1><\/div><\/div><\/div><\/div><\/div><div class=\"fusion-fullwidth fullwidth-box fusion-builder-row-2 fusion-flex-container nonhundred-percent-fullwidth non-hundred-percent-height-scrolling\" style=\"--awb-background-position:left top;--awb-border-sizes-top:0px;--awb-border-sizes-bottom:0px;--awb-border-sizes-left:0px;--awb-border-sizes-right:0px;--awb-border-radius-top-left:0px;--awb-border-radius-top-right:0px;--awb-border-radius-bottom-right:0px;--awb-border-radius-bottom-left:0px;--awb-padding-bottom:60px;--awb-margin-top:3%;--awb-margin-bottom:4%;--awb-flex-wrap:wrap;\" ><div class=\"fusion-builder-row fusion-row fusion-flex-align-items-flex-start fusion-flex-content-wrap\" style=\"max-width:1216.8px;margin-left: calc(-4% \/ 2 );margin-right: calc(-4% \/ 2 );\"><div class=\"fusion-layout-column fusion_builder_column fusion-builder-column-1 fusion_builder_column_1_1 1_1 fusion-flex-column\" style=\"--awb-padding-right:2%;--awb-padding-bottom:2%;--awb-padding-left:2%;--awb-bg-size:cover;--awb-width-large:100%;--awb-margin-top-large:0px;--awb-spacing-right-large:1.92%;--awb-margin-bottom-large:20px;--awb-spacing-left-large:2.304%;--awb-width-medium:100%;--awb-spacing-right-medium:1.92%;--awb-spacing-left-medium:1.92%;--awb-width-small:100%;--awb-spacing-right-small:1.92%;--awb-spacing-left-small:1.92%;\"><div class=\"fusion-column-wrapper fusion-flex-justify-content-center fusion-content-layout-column\"><div class=\"fusion-separator fusion-full-width-sep\" style=\"align-self: center;margin-left: auto;margin-right: auto;margin-top:20px;width:100%;\"><\/div><div class=\"fusion-text fusion-text-1\" style=\"--awb-text-transform:none;\"><h2>Future dialogs: Johannisberg Colloquia and Stuttgart Management Symposia<\/h2>\n<h6><\/h6>\n<h4>Johannisberg Colloquia 2000 &#8211; 2002<\/h4>\n<ul class=\"list-3\">\n<li style=\"list-style-type: none;\"><\/li>\n<\/ul>\n<\/div><ul style=\"--awb-iconcolor:#b10020;--awb-line-height:23.8px;--awb-icon-width:23.8px;--awb-icon-height:23.8px;--awb-icon-margin:9.8px;--awb-content-margin:33.6px;\" class=\"fusion-checklist fusion-checklist-1 fusion-checklist-default type-icons\"><li class=\"fusion-li-item\" style=\"\"><span class=\"icon-wrapper circle-no\"><i class=\"fusion-li-icon fa-caret-right fas\" aria-hidden=\"true\"><\/i><\/span><div class=\"fusion-li-item-content\">\n<p><strong>3. <a href=\"file:\/\/\/Volumes\/3TB\/Webseiten\/vonMutius\/start\/englisch\/orientierungframes\/orientzukurechts.htm#3\">Johannisberg Discussion<\/a><\/strong><\/p>\n<\/div><\/li><li class=\"fusion-li-item\" style=\"\"><span class=\"icon-wrapper circle-no\"><i class=\"fusion-li-icon fa-caret-right fas\" aria-hidden=\"true\"><\/i><\/span><div class=\"fusion-li-item-content\">\n<p><strong>2. <a href=\"file:\/\/\/Volumes\/3TB\/Webseiten\/vonMutius\/start\/englisch\/orientierungframes\/orientzukurechts.htm#3\">Johannisberg Discussion<\/a><\/strong><\/p>\n<\/div><\/li><li class=\"fusion-li-item\" style=\"\"><span class=\"icon-wrapper circle-no\"><i class=\"fusion-li-icon fa-caret-right fas\" aria-hidden=\"true\"><\/i><\/span><div class=\"fusion-li-item-content\">\n<p><strong>1. <a href=\"file:\/\/\/Volumes\/3TB\/Webseiten\/vonMutius\/start\/englisch\/orientierungframes\/orientzukurechts.htm#3\">Johannisberg Discussion<\/a><\/strong><\/p>\n<\/div><\/li><\/ul><div class=\"fusion-text fusion-text-2 fusion-text-no-margin\" style=\"--awb-text-transform:none;--awb-margin-top:30px;--awb-margin-bottom:10px;\"><h4>Stuttgart Management Symposia 1995 &#8211; 2001 in cooperation with the Fraunhofer Institute (IAO)<\/h4>\n<ul class=\"list-3\">\n<li style=\"list-style-type: none;\"><\/li>\n<\/ul>\n<\/div><ul style=\"--awb-iconcolor:#b10020;--awb-line-height:23.8px;--awb-icon-width:23.8px;--awb-icon-height:23.8px;--awb-icon-margin:9.8px;--awb-content-margin:33.6px;\" class=\"fusion-checklist fusion-checklist-2 fusion-checklist-default type-icons\"><li class=\"fusion-li-item\" style=\"\"><span class=\"icon-wrapper circle-no\"><i class=\"fusion-li-icon fa-caret-right fas\" aria-hidden=\"true\"><\/i><\/span><div class=\"fusion-li-item-content\">Management Symposium 2001<\/div><\/li><li class=\"fusion-li-item\" style=\"\"><span class=\"icon-wrapper circle-no\"><i class=\"fusion-li-icon fa-caret-right fas\" aria-hidden=\"true\"><\/i><\/span><div class=\"fusion-li-item-content\">Management Symposium 2000<\/div><\/li><li class=\"fusion-li-item\" style=\"\"><span class=\"icon-wrapper circle-no\"><i class=\"fusion-li-icon fa-caret-right fas\" aria-hidden=\"true\"><\/i><\/span><div class=\"fusion-li-item-content\">Management Symposium 1999<\/div><\/li><\/ul><div class=\"fusion-text fusion-text-3 fusion-text-no-margin\" style=\"--awb-text-transform:none;--awb-margin-top:30px;--awb-margin-bottom:10px;\"><p>Frankfurt Forum on Science and Business<\/p>\n<p><strong>3rd Johannisberg Colloquium<\/strong><\/p>\n<p>Networked and Boundless The Future of Organizations?<\/p>\n<p><strong>Dr. Kajo Neukirchen<\/strong><br \/>\nmg technologies ag<br \/>\nWelcome<\/p>\n<p><strong>Dr. Bernhard von Mutius<br \/>\n<\/strong> &#8220;Boundless&#8221;: A Thematic Introduction to Consulting in Change<\/p>\n<p><strong>Dr. Alexander C. Dibelius<\/strong><br \/>\nGoldman, Sachs &amp; Co.<br \/>\nFrankfurt am Main<br \/>\nMergers, Acquisitions, Restructuring: The Role of Capital Markets<\/p>\n<p><strong>Thomas Sattelberger<\/strong><br \/>\nDeutsche Lufthansa AG<br \/>\nFrankfurt am Main<br \/>\nCultural Communities or Mercenaries? Corporate Networks in the 21st Century<\/p>\n<p><strong>Round table Picot\/Dibelius\/Sattelberger<\/strong><br \/>\nModeration: Dr. von Mutius<br \/>\nDiscussion between the auditorium and speakers<\/p>\n<p><strong>Prof. Dr. Michael Hutter<\/strong><br \/>\nUniversit\u00e4t Witten-Herdecke<br \/>\nNetworked, Volatile, Ephemeral?<br \/>\nThe New Forms of Work Organization<\/p>\n<p><strong>Dr. John Kao<\/strong><br \/>\nKao &amp; Company<br \/>\nSan Francisco<br \/>\nOrganization\u00b4s creativity: Keeping companies alive and adaptive<\/p>\n<p><strong>Dr. Rolf G. Niemann<\/strong><br \/>\nmg technologies ag<br \/>\nSummary and preview of next conference<br \/>\nMember of the Board<\/p>\n<p>Die Johannisberger Gespr\u00e4che stehen unter dem Leitthema <em>&#8220;Von der Industriegesellschaft zur Wissensgesellschaft &#8211; Dimensionen einer grundlegenden Transformation&#8221;<\/em> Sie dienen dem grenz\u00fcberschreitenden Gedankenaustausch \u00fcber \u00f6konomische und gesellschaftliche Zukunftsfragen und richten sich an einen kleinen Kreis von F\u00fchrungspers\u00f6nlichkeiten aus Wirtschaft, Wissenschaft und Kultur.<\/p>\n<p>Die Johannisberger Gespr\u00e4che sind eine Veranstaltungsreihe im Rahmen der mg academy.<\/p>\n<p>Die wissenschaftliche Leitung und Beratung liegt in den H\u00e4nden von Dr. Bernhard von Mutius.<\/p>\n<\/div><\/div><\/div><\/div><\/div><\/p>\n","protected":false},"excerpt":{"rendered":"","protected":false},"author":1,"featured_media":0,"parent":0,"menu_order":0,"comment_status":"closed","ping_status":"closed","template":"100-width.php","meta":{"footnotes":""},"_links":{"self":[{"href":"https:\/\/vonmutius.de\/en\/wp-json\/wp\/v2\/pages\/2395"}],"collection":[{"href":"https:\/\/vonmutius.de\/en\/wp-json\/wp\/v2\/pages"}],"about":[{"href":"https:\/\/vonmutius.de\/en\/wp-json\/wp\/v2\/types\/page"}],"author":[{"embeddable":true,"href":"https:\/\/vonmutius.de\/en\/wp-json\/wp\/v2\/users\/1"}],"replies":[{"embeddable":true,"href":"https:\/\/vonmutius.de\/en\/wp-json\/wp\/v2\/comments?post=2395"}],"version-history":[{"count":12,"href":"https:\/\/vonmutius.de\/en\/wp-json\/wp\/v2\/pages\/2395\/revisions"}],"predecessor-version":[{"id":2415,"href":"https:\/\/vonmutius.de\/en\/wp-json\/wp\/v2\/pages\/2395\/revisions\/2415"}],"wp:attachment":[{"href":"https:\/\/vonmutius.de\/en\/wp-json\/wp\/v2\/media?parent=2395"}],"curies":[{"name":"wp","href":"https:\/\/api.w.org\/{rel}","templated":true}]}}